{"id":239,"date":"2023-10-10T13:40:37","date_gmt":"2023-10-10T11:40:37","guid":{"rendered":"https:\/\/moprojectsgroup.com\/imprint\/"},"modified":"2023-11-06T14:48:57","modified_gmt":"2023-11-06T13:48:57","slug":"imprint","status":"publish","type":"page","link":"https:\/\/moprojectsgroup.com\/en\/imprint\/","title":{"rendered":"Imprint"},"content":{"rendered":"\n<p>Information according to \u00a7 5 TMG:<\/p>\n\n<p>MOprojects GmbH<\/p>\n\n<p>Wesker 40<br>48691 Vreden-L\u00fcnten<\/p>\n\n<p>Phone: +49 2564 9373 \u2013 0<\/p>\n\n<p>Mail: info@moprojects.de<\/p>\n\n<p>Managing Director: Josef Lepping, Delia Bensing, Stefan Deelmann<\/p>\n\n<p>USt-Id Nr.: DE 244508697<br>Amtsgericht Coesfeld HRB 9837<\/p>\n\n<p>Sources for the images and graphics used:<\/p>\n\n<p>MOprojects GmbH, Holztechnik Schwanekamp GmbH, Kroeze Interieur BV<\/p>\n\n<p>MOprojects GmbH declares its willingness to participate in consumer arbitration proceedings in accordance with the Consumer Dispute Settlement Act in the event of legal conflicts with consumers (\u00a7 13 BGB).<\/p>\n\n<p>The consumer arbitration board responsible for MOprojects GmbH is the<\/p>\n\n<p>Allgemeine Verbraucherschlichtungsstelle des Zentrums f\u00fcr Schlichtung e.V.<br>Stra\u00dfburger Stra\u00dfe 8, 77694 Kehl am Rhein<br>Phone 07851 \/ 795 79 40<br>Fax 07851 \/ 795 79 41<br>Mail: mail@verbraucher-schlichter.de<br>Website: www.verbraucher-schlichter.de<\/p>\n","protected":false},"excerpt":{"rendered":"<p>Information according to \u00a7 5 TMG: MOprojects GmbH Wesker 4048691 Vreden-L\u00fcnten Phone: +49 2564 9373 \u2013 0 Mail: info@moprojects.de Managing Director: Josef Lepping, Delia Bensing, Stefan Deelmann USt-Id Nr.: DE 244508697Amtsgericht Coesfeld HRB 9837 Sources for the images and graphics used: MOprojects GmbH, Holztechnik Schwanekamp GmbH, Kroeze Interieur BV MOprojects GmbH declares its willingness to [&hellip;]<\/p>\n","protected":false},"author":2,"featured_media":0,"parent":0,"menu_order":0,"comment_status":"closed","ping_status":"closed","template":"","meta":{"footnotes":""},"class_list":["post-239","page","type-page","status-publish","hentry"],"_links":{"self":[{"href":"https:\/\/moprojectsgroup.com\/en\/wp-json\/wp\/v2\/pages\/239","targetHints":{"allow":["GET"]}}],"collection":[{"href":"https:\/\/moprojectsgroup.com\/en\/wp-json\/wp\/v2\/pages"}],"about":[{"href":"https:\/\/moprojectsgroup.com\/en\/wp-json\/wp\/v2\/types\/page"}],"author":[{"embeddable":true,"href":"https:\/\/moprojectsgroup.com\/en\/wp-json\/wp\/v2\/users\/2"}],"replies":[{"embeddable":true,"href":"https:\/\/moprojectsgroup.com\/en\/wp-json\/wp\/v2\/comments?post=239"}],"version-history":[{"count":1,"href":"https:\/\/moprojectsgroup.com\/en\/wp-json\/wp\/v2\/pages\/239\/revisions"}],"predecessor-version":[{"id":240,"href":"https:\/\/moprojectsgroup.com\/en\/wp-json\/wp\/v2\/pages\/239\/revisions\/240"}],"wp:attachment":[{"href":"https:\/\/moprojectsgroup.com\/en\/wp-json\/wp\/v2\/media?parent=239"}],"curies":[{"name":"wp","href":"https:\/\/api.w.org\/{rel}","templated":true}]}}