{"id":235,"date":"2023-10-10T13:46:22","date_gmt":"2023-10-10T11:46:22","guid":{"rendered":"https:\/\/moprojectsgroup.com\/moprojects-group\/"},"modified":"2025-06-24T15:02:18","modified_gmt":"2025-06-24T13:02:18","slug":"moprojects-group","status":"publish","type":"page","link":"https:\/\/moprojectsgroup.com\/fr\/","title":{"rendered":"MOPROJECTS GROUP"},"content":{"rendered":"\n<hr class=\"wp-block-separator has-text-color has-alpha-channel-opacity has-background is-style-wide\" style=\"background-color:#ae8d66;color:#ae8d66\"\/>\n\n<div class=\"wp-block-group alignwide has-global-padding is-layout-constrained wp-block-group-is-layout-constrained\">\n<div class=\"wp-block-columns alignwide is-layout-flex wp-container-core-columns-is-layout-d2da2050 wp-block-columns-is-layout-flex\" style=\"margin-bottom:0\">\n<div class=\"wp-block-column has-text-color has-link-color wp-elements-d55d8f8cf013540155bfcd8140c58761 is-layout-flow wp-block-column-is-layout-flow\" style=\"color:#000000;padding-top:0.2em;padding-right:0em;padding-bottom:0.2em;padding-left:0em\">\n<h2 class=\"wp-block-heading has-text-align-center has-text-color has-x-large-font-size\" style=\"color:#4a4a4a\">First-class interiors<\/h2>\n\n\n\n<div style=\"height:30px\" aria-hidden=\"true\" class=\"wp-block-spacer\"><\/div>\n\n\n\n<p class=\"has-text-color has-medium-font-size\" style=\"color:#4a4a4a\">La vision qui nous porte est d&rsquo;\u00eatre reconnus comme le groupe leader dans le domaine de <strong>l&rsquo;am\u00e9nagement int\u00e9rieur de luxe<\/strong> dans le monde entier. Ensemble, nos trois entreprises, situ\u00e9es en Allemagne, aux Pays-Bas et au Royaume-Uni, peuvent s&rsquo;appuyer sur une \u00e9quipe de <strong>plus de 150 sp\u00e9cialistes<\/strong> et <strong>sur plus de 160 ans<\/strong> d&rsquo;exp\u00e9rience dans l&rsquo;artisanat du meuble. MOprojects fabrique des \u00e9l\u00e9ments d\u2019agencement sur mesure pour les boutiques des marques de luxe internationales, Schwanekamp Interior est d\u00e9di\u00e9\u00e0 l&rsquo;agencement int\u00e9rieur haut de gamme des projets priv\u00e9es et Kroeze Interieur est reconnu pour ses am\u00e9nagements int\u00e9rieurs de premi\u00e8re classe pour l&rsquo;h\u00f4tellerie et la restauration. Toutes ces entreprises accordent une importance particuli\u00e8re \u00e0 <strong>l&rsquo;innovation, \u00e0 la qualit\u00e9 et au raffinement<\/strong>. Notre mission commune est de r\u00e9pondre aux exigences et aux aspirations personnelles de chaque client en fournissant du mobilier et agencements sur mesure de haute qualit\u00e9 pour diff\u00e9rents segments. <\/p>\n<\/div>\n<\/div>\n<\/div>\n\n<div class=\"wp-block-columns is-layout-flex wp-container-core-columns-is-layout-28f84493 wp-block-columns-is-layout-flex\">\n<div class=\"wp-block-column is-layout-flow wp-block-column-is-layout-flow\">\n<div class=\"wp-block-columns is-layout-flex wp-container-core-columns-is-layout-28f84493 wp-block-columns-is-layout-flex\">\n<div class=\"wp-block-column is-layout-flow wp-block-column-is-layout-flow\">\n<div class=\"wp-block-columns is-layout-flex wp-container-core-columns-is-layout-28f84493 wp-block-columns-is-layout-flex\">\n<div class=\"wp-block-column is-layout-flow wp-block-column-is-layout-flow\">\n<div class=\"wp-block-group is-vertical is-content-justification-center is-layout-flex wp-container-core-group-is-layout-ce155fab wp-block-group-is-layout-flex\">\n<div class=\"wp-block-cover is-light has-custom-content-position is-position-top-center\" style=\"min-height:750px;aspect-ratio:unset;\"><img loading=\"lazy\" decoding=\"async\" width=\"1280\" height=\"960\" class=\"wp-block-cover__image-background wp-image-68\" alt=\"\" src=\"https:\/\/moprojectsgroup.com\/wp-content\/uploads\/2023\/10\/MOprojects_LouisXIII_ladenbauprojekt.png\" style=\"object-position:35% 50%\" data-object-fit=\"cover\" data-object-position=\"35% 50%\" srcset=\"https:\/\/moprojectsgroup.com\/wp-content\/uploads\/2023\/10\/MOprojects_LouisXIII_ladenbauprojekt.png 1280w, https:\/\/moprojectsgroup.com\/wp-content\/uploads\/2023\/10\/MOprojects_LouisXIII_ladenbauprojekt-300x225.png 300w, https:\/\/moprojectsgroup.com\/wp-content\/uploads\/2023\/10\/MOprojects_LouisXIII_ladenbauprojekt-1024x768.png 1024w, https:\/\/moprojectsgroup.com\/wp-content\/uploads\/2023\/10\/MOprojects_LouisXIII_ladenbauprojekt-768x576.png 768w\" sizes=\"auto, (max-width: 1280px) 100vw, 1280px\" \/><span aria-hidden=\"true\" class=\"wp-block-cover__background has-base-background-color has-background-dim-90 has-background-dim\"><\/span><div class=\"wp-block-cover__inner-container has-global-padding is-layout-constrained wp-block-cover-is-layout-constrained\">\n<h3 class=\"wp-block-heading has-text-align-center has-text-color has-medium-font-size\" style=\"color:#4a4a4a;font-style:normal;font-weight:700;text-transform:uppercase\">MOprojects<\/h3>\n\n\n\n<hr class=\"wp-block-separator has-text-color has-alpha-channel-opacity has-background is-style-wide\" style=\"background-color:#ae8d66;color:#ae8d66\"\/>\n\n\n\n<p class=\"has-text-color has-medium-font-size\" style=\"color:#4a4a4a\">Sp\u00e9cialiste de l&rsquo;agencement int\u00e9rieur haut de gamme sur mesure, MOprojects accompagne ses clients dans le monde entier en leur proposant <strong>des solutions personnalis\u00e9es dans le domaine du commerce de d\u00e9tail<\/strong>. Des marques de prestige telles que Chanel, TAG Heuer, Dior et bien d&rsquo;autres font confiance \u00e0 notre exp\u00e9rience et \u00e0 notre degr\u00e9 d\u2019exigence conforme \u00e0 la r\u00e9putation de <strong>l\u2019artisanat allemand<\/strong>. Nos r\u00e9alisations sont \u00e0 la hauteur des attentes \u00e9lev\u00e9es des designers des marques tant pour la r\u00e9alisation de boutiques que pour des fabrications personnalis\u00e9es in\u00e9dites, n\u00e9cessitant le recours \u00e0 des mat\u00e9riaux exceptionnels ou la concr\u00e9tisation de formes techniquement complexes.<\/p>\n\n\n\n<p class=\"has-text-color has-medium-font-size\" style=\"color:#4a4a4a\">Notre prestation s\u2019\u00e9tend de la production \u00e0 la gestion de projet jusqu\u2019aux services apr\u00e8s-vente individualis\u00e9s, en passant par la logistique et l\u2019installation. Notre client\u00e8le internationale b\u00e9n\u00e9ficie <strong>d&rsquo;un suivi complet et fiable<\/strong>.<\/p>\n<\/div><\/div>\n\n\n\n<div class=\"wp-block-columns is-layout-flex wp-container-core-columns-is-layout-28f84493 wp-block-columns-is-layout-flex\">\n<div class=\"wp-block-column has-global-padding is-layout-constrained wp-block-column-is-layout-constrained\">\n<div class=\"wp-block-buttons is-horizontal is-content-justification-center is-layout-flex wp-container-core-buttons-is-layout-6bd4d9d1 wp-block-buttons-is-layout-flex\">\n<div class=\"wp-block-button has-custom-width wp-block-button__width-100 is-style-fill\"><a class=\"wp-block-button__link has-base-color has-text-color has-background wp-element-button\" href=\"https:\/\/www.moprojects.de\/?utm_source=group-website&amp;utm_medium=button&amp;utm_campaign=moprojectsgroup\" style=\"background-color:#ae8d66\">Vers le site web de MOprojects<\/a><\/div>\n<\/div>\n<\/div>\n<\/div>\n\n\n\n<div class=\"wp-block-group is-vertical is-content-justification-left is-layout-flex wp-container-core-group-is-layout-dd225191 wp-block-group-is-layout-flex\">\n<div class=\"wp-block-columns is-layout-flex wp-container-core-columns-is-layout-28f84493 wp-block-columns-is-layout-flex\">\n<div class=\"wp-block-column has-global-padding is-layout-constrained wp-block-column-is-layout-constrained\">\n<p class=\"has-text-align-center has-contrast-color has-text-color\"><a href=\"tel:0049256493730\">+49 (0) 2564 9373 0<\/a><br\/><a href=\"mailto:info@moprojects.de\">info@moprojects.de<\/a><\/p>\n\n\n\n<figure class=\"wp-block-image aligncenter size-large is-resized has-custom-border\"><img loading=\"lazy\" decoding=\"async\" width=\"1024\" height=\"255\" src=\"https:\/\/moprojectsgroup.com\/wp-content\/uploads\/2023\/10\/Logo-FINAL-1024x255.png\" alt=\"\" class=\"wp-image-26\" style=\"border-style:none;border-width:0px;border-radius:0px;aspect-ratio:4.015686274509804;object-fit:contain;height:50px\" srcset=\"https:\/\/moprojectsgroup.com\/wp-content\/uploads\/2023\/10\/Logo-FINAL-1024x255.png 1024w, https:\/\/moprojectsgroup.com\/wp-content\/uploads\/2023\/10\/Logo-FINAL-300x75.png 300w, https:\/\/moprojectsgroup.com\/wp-content\/uploads\/2023\/10\/Logo-FINAL-768x191.png 768w, https:\/\/moprojectsgroup.com\/wp-content\/uploads\/2023\/10\/Logo-FINAL-1536x383.png 1536w, https:\/\/moprojectsgroup.com\/wp-content\/uploads\/2023\/10\/Logo-FINAL-2048x511.png 2048w\" sizes=\"auto, (max-width: 1024px) 100vw, 1024px\" \/><\/figure>\n<\/div>\n<\/div>\n<\/div>\n<\/div>\n<\/div>\n\n\n\n<div class=\"wp-block-column is-layout-flow wp-block-column-is-layout-flow\">\n<div class=\"wp-block-group is-vertical is-content-justification-center is-layout-flex wp-container-core-group-is-layout-ce155fab wp-block-group-is-layout-flex\">\n<div class=\"wp-block-cover is-light has-custom-content-position is-position-top-center\" style=\"min-height:750px;aspect-ratio:unset;\"><img loading=\"lazy\" decoding=\"async\" width=\"1280\" height=\"960\" class=\"wp-block-cover__image-background wp-image-70\" alt=\"\" src=\"https:\/\/moprojectsgroup.com\/wp-content\/uploads\/2023\/10\/Schwanekamp_Privatprojekt_Amstelveen_Dining.png\" data-object-fit=\"cover\" srcset=\"https:\/\/moprojectsgroup.com\/wp-content\/uploads\/2023\/10\/Schwanekamp_Privatprojekt_Amstelveen_Dining.png 1280w, https:\/\/moprojectsgroup.com\/wp-content\/uploads\/2023\/10\/Schwanekamp_Privatprojekt_Amstelveen_Dining-300x225.png 300w, https:\/\/moprojectsgroup.com\/wp-content\/uploads\/2023\/10\/Schwanekamp_Privatprojekt_Amstelveen_Dining-1024x768.png 1024w, https:\/\/moprojectsgroup.com\/wp-content\/uploads\/2023\/10\/Schwanekamp_Privatprojekt_Amstelveen_Dining-768x576.png 768w\" sizes=\"auto, (max-width: 1280px) 100vw, 1280px\" \/><span aria-hidden=\"true\" class=\"wp-block-cover__background has-base-background-color has-background-dim-90 has-background-dim\"><\/span><div class=\"wp-block-cover__inner-container has-global-padding is-layout-constrained wp-block-cover-is-layout-constrained\">\n<h3 class=\"wp-block-heading has-text-align-center has-text-color has-medium-font-size\" style=\"color:#4a4a4a;font-style:normal;font-weight:700;text-transform:uppercase\">Schwanekamp Interior<\/h3>\n\n\n\n<hr class=\"wp-block-separator has-text-color has-alpha-channel-opacity has-background is-style-wide\" style=\"background-color:#ae8d66;color:#ae8d66\"\/>\n\n\n\n<p class=\"has-text-color has-medium-font-size\" style=\"color:#4a4a4a\">Schwanekamp Interior fabrique des am\u00e9nagements <strong>int\u00e9rieurs de luxe<\/strong> pour des <strong>clients priv\u00e9s<\/strong> du monde entier. En collaboration avec des architectes renomm\u00e9s, les souhaits individuels des clients pour les int\u00e9rieurs de yachts, les cuisines, les salles de bains, les salons ou les chambres \u00e0 coucher, les biblioth\u00e8ques, les home cin\u00e9mas et bien plus encore sont r\u00e9alis\u00e9s avec le plus grand soin. La r\u00e9alisation d\u2019ambiances int\u00e9rieures uniques passe par la recherche permanente de nouveaux mat\u00e9riaux comme le m\u00e9tal liquide, les paillettes d&rsquo;or en acrylique, de nouveaux traitements de surface, ou la mise au point de nouvelles techniques d\u2019impression 3D pour la r\u00e9alisation de d\u00e9tails d\u2019une grande finesse.<\/p>\n\n\n\n<p class=\"has-text-color has-medium-font-size\" style=\"color:#4a4a4a\">Habitu\u00e9e aux cahiers des charges et designs hors du commun, l&rsquo;\u00e9quipe de Schwanekamp Interior apporte des solutions d\u2019analyse de la valeur bas\u00e9e sur une grande expertise des mat\u00e9riaux. Chaque client b\u00e9n\u00e9ficie ainsi de <strong>pi\u00e8ces uniques de la plus haute qualit\u00e9<\/strong>.<\/p>\n<\/div><\/div>\n\n\n\n<div class=\"wp-block-columns is-layout-flex wp-container-core-columns-is-layout-28f84493 wp-block-columns-is-layout-flex\">\n<div class=\"wp-block-column has-global-padding is-layout-constrained wp-block-column-is-layout-constrained\">\n<div class=\"wp-block-columns are-vertically-aligned-center is-layout-flex wp-container-core-columns-is-layout-28f84493 wp-block-columns-is-layout-flex\">\n<div class=\"wp-block-column is-vertically-aligned-center has-global-padding is-layout-constrained wp-block-column-is-layout-constrained\">\n<div class=\"wp-block-buttons is-horizontal is-content-justification-center is-layout-flex wp-container-core-buttons-is-layout-6bd4d9d1 wp-block-buttons-is-layout-flex\">\n<div class=\"wp-block-button has-custom-width wp-block-button__width-100 is-style-fill\"><a class=\"wp-block-button__link has-base-color has-text-color has-background wp-element-button\" href=\"https:\/\/www.schwanekamp-interior.com\/?utm_source=group-website&amp;utm_medium=button&amp;utm_campaign=moprojectsgroup\" style=\"background-color:#ae8d66\">Vers le site web de Schwanekamp<\/a><\/div>\n<\/div>\n<\/div>\n<\/div>\n<\/div>\n<\/div>\n\n\n\n<div class=\"wp-block-group is-vertical is-content-justification-left is-layout-flex wp-container-core-group-is-layout-dd225191 wp-block-group-is-layout-flex\">\n<div class=\"wp-block-columns is-layout-flex wp-container-core-columns-is-layout-28f84493 wp-block-columns-is-layout-flex\">\n<div class=\"wp-block-column has-global-padding is-layout-constrained wp-block-column-is-layout-constrained\">\n<p class=\"has-text-align-center\"><a href=\"tel:004925649373800\" data-type=\"tel\" data-id=\"tel:004925649373800\">+49 (0) 2564 9373 800<\/a><br\/><a href=\"mailto:service@schwanekamp.net\">service@schwanekamp.net<\/a><\/p>\n\n\n\n<figure class=\"wp-block-image aligncenter size-large is-resized has-custom-border\"><img loading=\"lazy\" decoding=\"async\" width=\"1024\" height=\"173\" src=\"https:\/\/moprojectsgroup.com\/wp-content\/uploads\/2023\/10\/Logo_Schwanekamp_links_1_Zeilig_Claim_RGB-1024x173.png\" alt=\"\" class=\"wp-image-27\" style=\"border-style:none;border-width:0px;border-radius:0px;aspect-ratio:4.015686274509804;object-fit:contain;height:50px\" srcset=\"https:\/\/moprojectsgroup.com\/wp-content\/uploads\/2023\/10\/Logo_Schwanekamp_links_1_Zeilig_Claim_RGB-1024x173.png 1024w, https:\/\/moprojectsgroup.com\/wp-content\/uploads\/2023\/10\/Logo_Schwanekamp_links_1_Zeilig_Claim_RGB-300x51.png 300w, https:\/\/moprojectsgroup.com\/wp-content\/uploads\/2023\/10\/Logo_Schwanekamp_links_1_Zeilig_Claim_RGB-768x130.png 768w, https:\/\/moprojectsgroup.com\/wp-content\/uploads\/2023\/10\/Logo_Schwanekamp_links_1_Zeilig_Claim_RGB-1536x259.png 1536w, https:\/\/moprojectsgroup.com\/wp-content\/uploads\/2023\/10\/Logo_Schwanekamp_links_1_Zeilig_Claim_RGB-2048x345.png 2048w\" sizes=\"auto, (max-width: 1024px) 100vw, 1024px\" \/><\/figure>\n<\/div>\n<\/div>\n<\/div>\n<\/div>\n<\/div>\n\n\n\n<div class=\"wp-block-column is-layout-flow wp-block-column-is-layout-flow\">\n<div class=\"wp-block-group is-vertical is-content-justification-center is-layout-flex wp-container-core-group-is-layout-ce155fab wp-block-group-is-layout-flex\">\n<div class=\"wp-block-cover is-light has-custom-content-position is-position-top-center\" style=\"min-height:750px;aspect-ratio:unset;\"><img loading=\"lazy\" decoding=\"async\" width=\"1280\" height=\"960\" class=\"wp-block-cover__image-background wp-image-64\" alt=\"Migagi Restaurant gefertigt von Kroeze Interieur\" src=\"https:\/\/moprojectsgroup.com\/wp-content\/uploads\/2023\/10\/KroezeInterieur_Migagi.png\" data-object-fit=\"cover\" srcset=\"https:\/\/moprojectsgroup.com\/wp-content\/uploads\/2023\/10\/KroezeInterieur_Migagi.png 1280w, https:\/\/moprojectsgroup.com\/wp-content\/uploads\/2023\/10\/KroezeInterieur_Migagi-300x225.png 300w, https:\/\/moprojectsgroup.com\/wp-content\/uploads\/2023\/10\/KroezeInterieur_Migagi-1024x768.png 1024w, https:\/\/moprojectsgroup.com\/wp-content\/uploads\/2023\/10\/KroezeInterieur_Migagi-768x576.png 768w\" sizes=\"auto, (max-width: 1280px) 100vw, 1280px\" \/><span aria-hidden=\"true\" class=\"wp-block-cover__background has-base-background-color has-background-dim-90 has-background-dim\"><\/span><div class=\"wp-block-cover__inner-container has-global-padding is-layout-constrained wp-block-cover-is-layout-constrained\">\n<h3 class=\"wp-block-heading has-text-align-center has-text-color has-medium-font-size\" style=\"color:#4a4a4a;font-style:normal;font-weight:700;text-transform:uppercase\">Kroeze Interieur<\/h3>\n\n\n\n<hr class=\"wp-block-separator has-text-color has-alpha-channel-opacity has-background is-style-wide\" style=\"background-color:#ae8d66;color:#ae8d66\"\/>\n\n\n\n<p class=\"has-text-color has-medium-font-size\" style=\"color:#4a4a4a\">Kroeze Interieur s&rsquo;est sp\u00e9cialis\u00e9 dans <strong>l&rsquo;am\u00e9nagement int\u00e9rieur de premi\u00e8re classe<\/strong> pour les secteurs de <strong>l&rsquo;h\u00f4tellerie<\/strong> et de <strong>la restauration<\/strong>. Des clients renomm\u00e9s tels que les h\u00f4tels NH, l&rsquo;a\u00e9roport d&rsquo;Amsterdam, Heineken et bien d&rsquo;autres font confiance \u00e0 la qualit\u00e9 de l&rsquo;artisanat de l&rsquo;entreprise n\u00e9erlandaise.<\/p>\n\n\n\n<p class=\"has-text-color has-medium-font-size\" style=\"color:#4a4a4a\">Entour\u00e9 de partenaires externes de longue date, Kroeze Interieur dispose de sa <strong>propre \u00e9quipe d\u2019architectes<\/strong> et <strong>designers reconnus<\/strong> pour leur approche sensible de l&rsquo;atmosph\u00e8re, de l\u2019attractivit\u00e9 visuelle et de l&rsquo;importance des moindres d\u00e9tails. L&rsquo;\u00e9quipe d\u2019ordonnancement assure la faisabilit\u00e9 des designs les plus ambitieux. Les clients peuvent \u00e9galement compter sur une gestion de projet fiable, une optimisation des co\u00fbts et un contr\u00f4le du budget.<\/p>\n<\/div><\/div>\n\n\n\n<div class=\"wp-block-buttons is-horizontal is-content-justification-center is-layout-flex wp-container-core-buttons-is-layout-6bd4d9d1 wp-block-buttons-is-layout-flex\">\n<div class=\"wp-block-button has-custom-width wp-block-button__width-100 is-style-fill\"><a class=\"wp-block-button__link has-base-color has-text-color has-background wp-element-button\" href=\"https:\/\/kroeze-interieur.nl\/en\/?utm_source=group-website&amp;utm_medium=button&amp;utm_campaign=moprojectsgroup\" style=\"background-color:#ae8d66\">Vers le site web de Kroeze<\/a><\/div>\n<\/div>\n\n\n\n<div class=\"wp-block-group is-vertical is-content-justification-left is-layout-flex wp-container-core-group-is-layout-dd225191 wp-block-group-is-layout-flex\">\n<div class=\"wp-block-columns is-layout-flex wp-container-core-columns-is-layout-28f84493 wp-block-columns-is-layout-flex\">\n<div class=\"wp-block-column has-global-padding is-layout-constrained wp-block-column-is-layout-constrained\">\n<p class=\"has-text-align-center\"><a href=\"tel:0031541570480\" data-type=\"tel\" data-id=\"tel:0031541570480\">+31 (0)541 &#8211; 570 480<\/a><br\/><a href=\"mailto:info@kroeze-interieur.nl\">info@kroeze-interieur.nl<\/a><\/p>\n\n\n\n<figure class=\"wp-block-image aligncenter size-large is-resized has-custom-border\"><img loading=\"lazy\" decoding=\"async\" width=\"1024\" height=\"510\" src=\"https:\/\/moprojectsgroup.com\/wp-content\/uploads\/2023\/10\/Kroeze_liggend_oranje_fc_NED-1024x510.png\" alt=\"\" class=\"wp-image-28\" style=\"border-style:none;border-width:0px;border-radius:0px;aspect-ratio:4.015686274509804;object-fit:contain;height:65px\" srcset=\"https:\/\/moprojectsgroup.com\/wp-content\/uploads\/2023\/10\/Kroeze_liggend_oranje_fc_NED-1024x510.png 1024w, https:\/\/moprojectsgroup.com\/wp-content\/uploads\/2023\/10\/Kroeze_liggend_oranje_fc_NED-300x149.png 300w, https:\/\/moprojectsgroup.com\/wp-content\/uploads\/2023\/10\/Kroeze_liggend_oranje_fc_NED-768x382.png 768w, https:\/\/moprojectsgroup.com\/wp-content\/uploads\/2023\/10\/Kroeze_liggend_oranje_fc_NED-1536x764.png 1536w, https:\/\/moprojectsgroup.com\/wp-content\/uploads\/2023\/10\/Kroeze_liggend_oranje_fc_NED-2048x1019.png 2048w\" sizes=\"auto, (max-width: 1024px) 100vw, 1024px\" \/><\/figure>\n<\/div>\n<\/div>\n<\/div>\n<\/div>\n<\/div>\n<\/div>\n<\/div>\n<\/div>\n<\/div>\n<\/div>\n\n<p><\/p>\n\n<div class=\"wp-block-columns is-layout-flex wp-container-core-columns-is-layout-28f84493 wp-block-columns-is-layout-flex\">\n<div class=\"wp-block-column is-layout-flow wp-block-column-is-layout-flow\"><\/div>\n<\/div>\n","protected":false},"excerpt":{"rendered":"<p>First-class interiors La vision qui nous porte est d&rsquo;\u00eatre reconnus comme le groupe leader dans le domaine de l&rsquo;am\u00e9nagement int\u00e9rieur de luxe dans le monde entier. Ensemble, nos trois entreprises, situ\u00e9es en Allemagne, aux Pays-Bas et au Royaume-Uni, peuvent s&rsquo;appuyer sur une \u00e9quipe de plus de 150 sp\u00e9cialistes et sur plus de 160 ans d&rsquo;exp\u00e9rience [&hellip;]<\/p>\n","protected":false},"author":2,"featured_media":0,"parent":0,"menu_order":0,"comment_status":"closed","ping_status":"closed","template":"","meta":{"footnotes":""},"class_list":["post-235","page","type-page","status-publish","hentry"],"_links":{"self":[{"href":"https:\/\/moprojectsgroup.com\/fr\/wp-json\/wp\/v2\/pages\/235","targetHints":{"allow":["GET"]}}],"collection":[{"href":"https:\/\/moprojectsgroup.com\/fr\/wp-json\/wp\/v2\/pages"}],"about":[{"href":"https:\/\/moprojectsgroup.com\/fr\/wp-json\/wp\/v2\/types\/page"}],"author":[{"embeddable":true,"href":"https:\/\/moprojectsgroup.com\/fr\/wp-json\/wp\/v2\/users\/2"}],"replies":[{"embeddable":true,"href":"https:\/\/moprojectsgroup.com\/fr\/wp-json\/wp\/v2\/comments?post=235"}],"version-history":[{"count":7,"href":"https:\/\/moprojectsgroup.com\/fr\/wp-json\/wp\/v2\/pages\/235\/revisions"}],"predecessor-version":[{"id":348,"href":"https:\/\/moprojectsgroup.com\/fr\/wp-json\/wp\/v2\/pages\/235\/revisions\/348"}],"wp:attachment":[{"href":"https:\/\/moprojectsgroup.com\/fr\/wp-json\/wp\/v2\/media?parent=235"}],"curies":[{"name":"wp","href":"https:\/\/api.w.org\/{rel}","templated":true}]}}