{"id":241,"date":"2023-10-10T13:40:37","date_gmt":"2023-10-10T11:40:37","guid":{"rendered":"https:\/\/moprojectsgroup.com\/mentions-legales\/"},"modified":"2023-11-06T14:51:09","modified_gmt":"2023-11-06T13:51:09","slug":"mentions-legales","status":"publish","type":"page","link":"https:\/\/moprojectsgroup.com\/fr\/mentions-legales\/","title":{"rendered":"Mentions l\u00e9gales"},"content":{"rendered":"\n<p>Informations selon \u00a7 5 TMG :<\/p>\n\n<p>MOprojects GmbH<\/p>\n\n<p>Wesker 40<br>48691 Vreden-L\u00fcnten<\/p>\n\n<p>T\u00e9l\u00e9phone: +49 2564 9373 \u2013 0<\/p>\n\n<p>E-Mail: info@moprojects.de<\/p>\n\n<p>Directeur g\u00e9n\u00e9ral: Josef Lepping, Delia Bensing, Stefan Deelmann<\/p>\n\n<p>USt-Id Nr.: DE 244508697<br>Amtsgericht Coesfeld HRB 9837<\/p>\n\n<p>Indication des sources des images et graphiques utilis\u00e9s :<\/p>\n\n<p>MOprojects GmbH, Holztechnik Schwanekamp GmbH, Kroeze Interieur BV<\/p>\n\n<p>En cas de conflits juridiques avec des consommateurs (\u00a7 13 BGB), MOprojects GmbH se d\u00e9clare pr\u00eat \u00e0 participer \u00e0 des proc\u00e9dures de conciliation avec les consommateurs conform\u00e9ment \u00e0 la loi sur le r\u00e8glement des litiges de consommation.<\/p>\n\n<p>L&rsquo;organisme de conciliation des consommateurs comp\u00e9tent pour MOprojects GmbH est le<\/p>\n\n<p>Allgemeine Verbraucherschlichtungsstelle des Zentrums f\u00fcr Schlichtung e.V.<br>Stra\u00dfburger Stra\u00dfe 8, 77694 Kehl am Rhein<br>T\u00e9l\u00e9phone 07851 \/ 795 79 40<br>Fax 07851 \/ 795 79 41<br>E-Mail: mail@verbraucher-schlichter.de<br>Site web: www.verbraucher-schlichter.de<\/p>\n","protected":false},"excerpt":{"rendered":"<p>Informations selon \u00a7 5 TMG : MOprojects GmbH Wesker 4048691 Vreden-L\u00fcnten T\u00e9l\u00e9phone: +49 2564 9373 \u2013 0 E-Mail: info@moprojects.de Directeur g\u00e9n\u00e9ral: Josef Lepping, Delia Bensing, Stefan Deelmann USt-Id Nr.: DE 244508697Amtsgericht Coesfeld HRB 9837 Indication des sources des images et graphiques utilis\u00e9s : MOprojects GmbH, Holztechnik Schwanekamp GmbH, Kroeze Interieur BV En cas de conflits [&hellip;]<\/p>\n","protected":false},"author":2,"featured_media":0,"parent":0,"menu_order":0,"comment_status":"closed","ping_status":"closed","template":"","meta":{"footnotes":""},"class_list":["post-241","page","type-page","status-publish","hentry"],"_links":{"self":[{"href":"https:\/\/moprojectsgroup.com\/fr\/wp-json\/wp\/v2\/pages\/241","targetHints":{"allow":["GET"]}}],"collection":[{"href":"https:\/\/moprojectsgroup.com\/fr\/wp-json\/wp\/v2\/pages"}],"about":[{"href":"https:\/\/moprojectsgroup.com\/fr\/wp-json\/wp\/v2\/types\/page"}],"author":[{"embeddable":true,"href":"https:\/\/moprojectsgroup.com\/fr\/wp-json\/wp\/v2\/users\/2"}],"replies":[{"embeddable":true,"href":"https:\/\/moprojectsgroup.com\/fr\/wp-json\/wp\/v2\/comments?post=241"}],"version-history":[{"count":1,"href":"https:\/\/moprojectsgroup.com\/fr\/wp-json\/wp\/v2\/pages\/241\/revisions"}],"predecessor-version":[{"id":242,"href":"https:\/\/moprojectsgroup.com\/fr\/wp-json\/wp\/v2\/pages\/241\/revisions\/242"}],"wp:attachment":[{"href":"https:\/\/moprojectsgroup.com\/fr\/wp-json\/wp\/v2\/media?parent=241"}],"curies":[{"name":"wp","href":"https:\/\/api.w.org\/{rel}","templated":true}]}}