{"id":237,"date":"2023-10-10T13:40:37","date_gmt":"2023-10-10T11:40:37","guid":{"rendered":"https:\/\/moprojectsgroup.com\/afdruk\/"},"modified":"2023-11-06T14:47:06","modified_gmt":"2023-11-06T13:47:06","slug":"afdruk","status":"publish","type":"page","link":"https:\/\/moprojectsgroup.com\/nl\/afdruk\/","title":{"rendered":"Afdruk"},"content":{"rendered":"\n<p>Informatie volgens \u00a7 5 TMG:<\/p>\n\n<p>MOprojects GmbH<\/p>\n\n<p>Wesker 40<br>48691 Vreden-L\u00fcnten<\/p>\n\n<p>Telefoon: +49 2564 9373 \u2013 0<\/p>\n\n<p>E-Mail: info@moprojects.de<\/p>\n\n<p>Algemeen directeur: Josef Lepping, Delia Bensing, Stefan Deelmann<\/p>\n\n<p>USt-Id Nr.: DE 244508697<br>Amtsgericht Coesfeld HRB 9837<\/p>\n\n<p>Bronnen voor de gebruikte afbeeldingen en grafieken:<\/p>\n\n<p>MOprojects GmbH, Holztechnik Schwanekamp GmbH, Kroeze Interieur BV<\/p>\n\n<p>MOprojects GmbH verklaart zich bereid deel te nemen aan arbitrageprocedures voor consumenten in overeenstemming met de wet op de beslechting van consumentengeschillen in het geval van juridische conflicten met consumenten (\u00a7 13 BGB).<\/p>\n\n<p>De arbitragecommissie voor consumenten die verantwoordelijk is voor MOprojects GmbH is de<\/p>\n\n<p>Allgemeine Verbraucherschlichtungsstelle des Zentrums f\u00fcr Schlichtung e.V.<br>Stra\u00dfburger Stra\u00dfe 8, 77694 Kehl am Rhein<br>Telefon 07851 \/ 795 79 40<br>Fax 07851 \/ 795 79 41<br>E-Mail: mail@verbraucher-schlichter.de<br>Website: www.verbraucher-schlichter.de<\/p>\n","protected":false},"excerpt":{"rendered":"<p>Informatie volgens \u00a7 5 TMG: MOprojects GmbH Wesker 4048691 Vreden-L\u00fcnten Telefoon: +49 2564 9373 \u2013 0 E-Mail: info@moprojects.de Algemeen directeur: Josef Lepping, Delia Bensing, Stefan Deelmann USt-Id Nr.: DE 244508697Amtsgericht Coesfeld HRB 9837 Bronnen voor de gebruikte afbeeldingen en grafieken: MOprojects GmbH, Holztechnik Schwanekamp GmbH, Kroeze Interieur BV MOprojects GmbH verklaart zich bereid deel te [&hellip;]<\/p>\n","protected":false},"author":2,"featured_media":0,"parent":0,"menu_order":0,"comment_status":"closed","ping_status":"closed","template":"","meta":{"footnotes":""},"class_list":["post-237","page","type-page","status-publish","hentry"],"_links":{"self":[{"href":"https:\/\/moprojectsgroup.com\/nl\/wp-json\/wp\/v2\/pages\/237","targetHints":{"allow":["GET"]}}],"collection":[{"href":"https:\/\/moprojectsgroup.com\/nl\/wp-json\/wp\/v2\/pages"}],"about":[{"href":"https:\/\/moprojectsgroup.com\/nl\/wp-json\/wp\/v2\/types\/page"}],"author":[{"embeddable":true,"href":"https:\/\/moprojectsgroup.com\/nl\/wp-json\/wp\/v2\/users\/2"}],"replies":[{"embeddable":true,"href":"https:\/\/moprojectsgroup.com\/nl\/wp-json\/wp\/v2\/comments?post=237"}],"version-history":[{"count":1,"href":"https:\/\/moprojectsgroup.com\/nl\/wp-json\/wp\/v2\/pages\/237\/revisions"}],"predecessor-version":[{"id":238,"href":"https:\/\/moprojectsgroup.com\/nl\/wp-json\/wp\/v2\/pages\/237\/revisions\/238"}],"wp:attachment":[{"href":"https:\/\/moprojectsgroup.com\/nl\/wp-json\/wp\/v2\/media?parent=237"}],"curies":[{"name":"wp","href":"https:\/\/api.w.org\/{rel}","templated":true}]}}